{"id":22,"date":"2014-08-22T13:52:14","date_gmt":"2014-08-22T16:52:14","guid":{"rendered":"http:\/\/fundaciongottau.org.ar\/comunicacion\/?page_id=22"},"modified":"2014-08-26T11:53:56","modified_gmt":"2014-08-26T14:53:56","slug":"vision-mision-y-valores","status":"publish","type":"page","link":"https:\/\/fundaciongottau.org.ar\/comunicacion\/contacto\/sobre-nosotros\/vision-mision-y-valores\/","title":{"rendered":"Visi\u00f3n, misi\u00f3n y valores"},"content":{"rendered":"<p><strong>VISI\u00d3N<\/strong><\/p>\n<p><em>\u00abSER UNA INSTITUCION QUE COLABORA CON LA EVANGELIZACION Y EL PROGRESO DE LA DIOCESIS DE A\u00d1ATUYA, HACIENDO MAS DIGNA LA VIDA DE SU POBLACION\u00bb.<\/em><\/p>\n<p>&nbsp;<\/p>\n<p><strong>MISI\u00d3N<\/strong><\/p>\n<p><em>\u00abPARTICIPAR POR MEDIO DEL COMPROMISO SOLIDARIO EN LA EVANGELIZACI\u00d3N Y PROMOCI\u00d3N DE LAS PERSONAS DE LA DI\u00d3CESIS DE A\u00d1ATUYA\u00bb<\/em><\/p>\n<p>&nbsp;<\/p>\n<p><strong>VALORES<\/strong><\/p>\n<p><em><strong>DIGNIDAD DE LA PERSONA<\/strong><\/em><\/p>\n<p>Lo que hace digna a la persona Humana no son sus riquezas, su lugar en la sociedad social o su prestigio; sino su car\u00e1cter de ser creada a imagen y semejanza de Dios. Esta convicci\u00f3n fundamental inspira todo esfuerzo de la Fundaci\u00f3n Gottau para ayudar a descubrir a cada habitante del chaco santiague\u00f1o su propio valor y procurar las condiciones para que esta dignidad sea respetada y promovida.<\/p>\n<p><em><strong>CARIDAD CRISTIANA<\/strong><\/em><\/p>\n<p>La caridad resume toda nuestra concepci\u00f3n de vida. Es para nosotros la fuerza que une y crea comunidad entre las personas y quien sirve a la vida y al desarrollo de cada una.<\/p>\n<p><em><strong>SOLIDARIDAD<\/strong><\/em><\/p>\n<p>La solidaridad es la expresi\u00f3n concreta y material de nuestro compromiso con el pr\u00f3jimo que sufre, de nuestra capacidad de compasi\u00f3n.<\/p>\n<p><em><strong>SUJETOS DEL PROPIO DESARROLLO Y AGENTES DE CAMBIO<\/strong><\/em><\/p>\n<p>Los pobladores de la Di\u00f3cesis de A\u00f1atuya no son espectadores pasivos de su propio desarrollo sino protagonistas del mismo, y nosotros colaboradores.<\/p>\n<p><em><strong>OPCI\u00d3N PREFERENCIAL POR LOS POBRES Y JOVENES<\/strong><\/em><\/p>\n<p>La Fundaci\u00f3n sigue a toda la Iglesia con esta opci\u00f3n preferencial no exclusiva ni excluyente de los mas necesitados y de los ni\u00f1os y j\u00f3venes.<\/p>\n","protected":false},"excerpt":{"rendered":"<p>VISI\u00d3N \u00abSER UNA INSTITUCION QUE COLABORA CON LA EVANGELIZACION Y EL PROGRESO DE LA DIOCESIS DE A\u00d1ATUYA, HACIENDO MAS DIGNA LA VIDA DE SU POBLACION\u00bb. &nbsp; MISI\u00d3N \u00abPARTICIPAR POR MEDIO DEL COMPROMISO SOLIDARIO EN LA EVANGELIZACI\u00d3N Y PROMOCI\u00d3N DE LAS PERSONAS DE LA DI\u00d3CESIS DE A\u00d1ATUYA\u00bb &nbsp; VALORES DIGNIDAD DE LA PERSONA Lo que hace [&hellip;]<\/p>\n","protected":false},"author":1,"featured_media":0,"parent":9,"menu_order":2,"comment_status":"open","ping_status":"closed","template":"custom-page.php","meta":[],"_links":{"self":[{"href":"https:\/\/fundaciongottau.org.ar\/comunicacion\/wp-json\/wp\/v2\/pages\/22"}],"collection":[{"href":"https:\/\/fundaciongottau.org.ar\/comunicacion\/wp-json\/wp\/v2\/pages"}],"about":[{"href":"https:\/\/fundaciongottau.org.ar\/comunicacion\/wp-json\/wp\/v2\/types\/page"}],"author":[{"embeddable":true,"href":"https:\/\/fundaciongottau.org.ar\/comunicacion\/wp-json\/wp\/v2\/users\/1"}],"replies":[{"embeddable":true,"href":"https:\/\/fundaciongottau.org.ar\/comunicacion\/wp-json\/wp\/v2\/comments?post=22"}],"version-history":[{"count":1,"href":"https:\/\/fundaciongottau.org.ar\/comunicacion\/wp-json\/wp\/v2\/pages\/22\/revisions"}],"predecessor-version":[{"id":23,"href":"https:\/\/fundaciongottau.org.ar\/comunicacion\/wp-json\/wp\/v2\/pages\/22\/revisions\/23"}],"up":[{"embeddable":true,"href":"https:\/\/fundaciongottau.org.ar\/comunicacion\/wp-json\/wp\/v2\/pages\/9"}],"wp:attachment":[{"href":"https:\/\/fundaciongottau.org.ar\/comunicacion\/wp-json\/wp\/v2\/media?parent=22"}],"curies":[{"name":"wp","href":"https:\/\/api.w.org\/{rel}","templated":true}]}}