{"id":66,"date":"2014-08-29T14:54:12","date_gmt":"2014-08-29T17:54:12","guid":{"rendered":"http:\/\/fundaciongottau.org.ar\/comunicacion\/?page_id=66"},"modified":"2020-07-03T17:54:15","modified_gmt":"2020-07-03T20:54:15","slug":"sumate","status":"publish","type":"page","link":"https:\/\/fundaciongottau.org.ar\/comunicacion\/sumate\/","title":{"rendered":"\u00a1Sumate!"},"content":{"rendered":"<p><a href=\"https:\/\/fundaciongottau.org.ar\/comunicacion\/wp-content\/uploads\/2014\/08\/cartel-facebook-fundacion-091.jpg\"><img decoding=\"async\" loading=\"lazy\" class=\"aligncenter size-large wp-image-343\" src=\"https:\/\/fundaciongottau.org.ar\/comunicacion\/wp-content\/uploads\/2014\/08\/cartel-facebook-fundacion-091-1024x679.jpg\" alt=\"Ayudar a la Fundaci\u00f3n es...\" width=\"1024\" height=\"679\" srcset=\"https:\/\/fundaciongottau.org.ar\/comunicacion\/wp-content\/uploads\/2014\/08\/cartel-facebook-fundacion-091-1024x679.jpg 1024w, https:\/\/fundaciongottau.org.ar\/comunicacion\/wp-content\/uploads\/2014\/08\/cartel-facebook-fundacion-091-300x199.jpg 300w, https:\/\/fundaciongottau.org.ar\/comunicacion\/wp-content\/uploads\/2014\/08\/cartel-facebook-fundacion-091.jpg 2000w\" sizes=\"(max-width: 1024px) 100vw, 1024px\" \/><\/a><\/p>\n<p><em><strong>Para sumarte a nuestra\u00a0comunidad de amigos envianos tus datos completando este formulario y nos\u00a0comunicaremos a la brevedad:<\/strong><\/em><\/p>\n<p>Tambi\u00e9n pod\u00e9s hacernos una transferencia a nuestra cuenta Santander R\u00edo 196-2666\/6 \/\/ nuestro cbu es\u00a0 0720 1963 2000 0000 2666 68<\/p>\n<p>&nbsp;<\/p>\n<div role=\"form\" class=\"wpcf7\" id=\"wpcf7-f73-o1\" lang=\"es-ES\" dir=\"ltr\">\n<div class=\"screen-reader-response\"><p role=\"status\" aria-live=\"polite\" aria-atomic=\"true\"><\/p> <ul><\/ul><\/div>\n<form action=\"\/comunicacion\/wp-json\/wp\/v2\/pages\/66#wpcf7-f73-o1\" method=\"post\" class=\"wpcf7-form init\" novalidate=\"novalidate\" data-status=\"init\">\n<div style=\"display: none;\">\n<input type=\"hidden\" name=\"_wpcf7\" value=\"73\" \/>\n<input type=\"hidden\" name=\"_wpcf7_version\" value=\"5.6.4\" \/>\n<input type=\"hidden\" name=\"_wpcf7_locale\" value=\"es_ES\" \/>\n<input type=\"hidden\" name=\"_wpcf7_unit_tag\" value=\"wpcf7-f73-o1\" \/>\n<input type=\"hidden\" name=\"_wpcf7_container_post\" value=\"0\" \/>\n<input type=\"hidden\" name=\"_wpcf7_posted_data_hash\" value=\"\" \/>\n<\/div>\n<p>Nombre y apellido*<br \/> <span class=\"wpcf7-form-control-wrap\" data-name=\"nombre\"><input type=\"text\" name=\"nombre\" value=\"\" size=\"40\" class=\"wpcf7-form-control wpcf7-text wpcf7-validates-as-required\" aria-required=\"true\" aria-invalid=\"false\" \/><\/span><\/p>\n<p>Direcci\u00f3n<br \/> <span class=\"wpcf7-form-control-wrap\" data-name=\"direc\"><input type=\"text\" name=\"direc\" value=\"\" size=\"40\" class=\"wpcf7-form-control wpcf7-text\" aria-invalid=\"false\" \/><\/span><\/p>\n<p>Localidad<br \/> <span class=\"wpcf7-form-control-wrap\" data-name=\"loc\"><input type=\"text\" name=\"loc\" value=\"\" size=\"40\" class=\"wpcf7-form-control wpcf7-text\" aria-invalid=\"false\" \/><\/span><\/p>\n<p>Provincia<br \/> <span class=\"wpcf7-form-control-wrap\" data-name=\"prov\"><input type=\"text\" name=\"prov\" value=\"\" size=\"40\" class=\"wpcf7-form-control wpcf7-text\" aria-invalid=\"false\" \/><\/span><\/p>\n<p>Tel\u00e9fono\/Celular*<br \/> <span class=\"wpcf7-form-control-wrap\" data-name=\"tel-cel\"><input type=\"tel\" name=\"tel-cel\" value=\"\" size=\"40\" class=\"wpcf7-form-control wpcf7-text wpcf7-tel wpcf7-validates-as-required wpcf7-validates-as-tel\" aria-required=\"true\" aria-invalid=\"false\" \/><\/span><\/p>\n<p>E-mail*<br \/> <span class=\"wpcf7-form-control-wrap\" data-name=\"email\"><input type=\"email\" name=\"email\" value=\"\" size=\"40\" class=\"wpcf7-form-control wpcf7-text wpcf7-email wpcf7-validates-as-required wpcf7-validates-as-email\" aria-required=\"true\" aria-invalid=\"false\" \/><\/span><\/p>\n<p>Horario de llamada*<br\/><span class=\"wpcf7-form-control-wrap\" data-name=\"menu-105\"><select name=\"menu-105\" class=\"wpcf7-form-control wpcf7-select wpcf7-validates-as-required\" aria-required=\"true\" aria-invalid=\"false\"><option value=\"DE 10 a 12:30\">DE 10 a 12:30<\/option><option value=\"De 12:30 a 15\">De 12:30 a 15<\/option><option value=\"De 15 a 17:30\">De 15 a 17:30<\/option><\/select><\/span><\/p>\n<p>Medio de Colaboraci\u00f3n*<br\/><span class=\"wpcf7-form-control-wrap\" data-name=\"menu-104\"><select name=\"menu-104\" class=\"wpcf7-form-control wpcf7-select wpcf7-validates-as-required\" aria-required=\"true\" aria-invalid=\"false\"><option value=\"Naranja\">Naranja<\/option><option value=\"Visa\">Visa<\/option><option value=\"Amex\">Amex<\/option><option value=\"Cabal\">Cabal<\/option><option value=\"Diners\">Diners<\/option><option value=\"MasterCard\">MasterCard<\/option><option value=\"Visa Electron\/D\u00e9bito\">Visa Electron\/D\u00e9bito<\/option><option value=\"Transferencia Bancaria\">Transferencia Bancaria<\/option><option value=\"PagoF\u00e1cil\/ Rapipago\">PagoF\u00e1cil\/ Rapipago<\/option><\/select><\/span><\/p>\n<p>Monto de Colaboraci\u00f3n*<br\/><span class=\"wpcf7-form-control-wrap\" data-name=\"menu-178\"><select name=\"menu-178\" class=\"wpcf7-form-control wpcf7-select wpcf7-validates-as-required\" aria-required=\"true\" aria-invalid=\"false\"><option value=\"$3000 por d\u00eda ($90000 por mes)\">$3000 por d\u00eda ($90000 por mes)<\/option><option value=\"$1000 por d\u00eda ($30000 por mes)\">$1000 por d\u00eda ($30000 por mes)<\/option><option value=\"$300 por d\u00eda ($9000 por mes)\">$300 por d\u00eda ($9000 por mes)<\/option><option value=\"$133 por d\u00eda ($4000 por mes)\">$133 por d\u00eda ($4000 por mes)<\/option><option value=\"$100 por d\u00eda ($ 3000 por mes)\">$100 por d\u00eda ($ 3000 por mes)<\/option><option value=\"$66 por d\u00eda ($2000 por mes)\">$66 por d\u00eda ($2000 por mes)<\/option><option value=\"otro monto\">otro monto<\/option><\/select><\/span><\/p>\n<p>Comentarios<br \/>\n    <span class=\"wpcf7-form-control-wrap\" data-name=\"your-message\"><textarea name=\"your-message\" cols=\"40\" rows=\"10\" class=\"wpcf7-form-control wpcf7-textarea\" aria-invalid=\"false\"><\/textarea><\/span> <\/p>\n<p><input type=\"submit\" value=\"Enviar\" class=\"wpcf7-form-control has-spinner wpcf7-submit\" \/><\/p>\n<p style=\"display: none !important;\" class=\"akismet-fields-container\" data-prefix=\"_wpcf7_ak_\"><label>&#916;<textarea name=\"_wpcf7_ak_hp_textarea\" cols=\"45\" rows=\"8\" maxlength=\"100\"><\/textarea><\/label><input type=\"hidden\" id=\"ak_js_1\" name=\"_wpcf7_ak_js\" value=\"90\"\/><script>document.getElementById( \"ak_js_1\" ).setAttribute( \"value\", ( new Date() ).getTime() );<\/script><\/p><div class=\"wpcf7-response-output\" aria-hidden=\"true\"><\/div><\/form><\/div>\n<p><em><strong>Tambi\u00e9n pod\u00e9s mandarnos tu n\u00famero de tarjeta de forma segura\u00a0<a title=\"FORMULARIO SEGURO\" href=\"https:\/\/donamos.org\/fundaciongottau\/gottau\/\">HACIENDO CLICK AQUI<\/a><\/strong><\/em><\/p>\n","protected":false},"excerpt":{"rendered":"<p>Para sumarte a nuestra\u00a0comunidad de amigos envianos tus datos completando este formulario y nos\u00a0comunicaremos a la brevedad: Tambi\u00e9n pod\u00e9s hacernos una transferencia a nuestra cuenta Santander R\u00edo 196-2666\/6 \/\/ nuestro cbu es\u00a0 0720 1963 2000 0000 2666 68 &nbsp; Tambi\u00e9n pod\u00e9s mandarnos tu n\u00famero de tarjeta de forma segura\u00a0HACIENDO CLICK AQUI<\/p>\n","protected":false},"author":1,"featured_media":0,"parent":0,"menu_order":4,"comment_status":"open","ping_status":"closed","template":"custom-page.php","meta":[],"_links":{"self":[{"href":"https:\/\/fundaciongottau.org.ar\/comunicacion\/wp-json\/wp\/v2\/pages\/66"}],"collection":[{"href":"https:\/\/fundaciongottau.org.ar\/comunicacion\/wp-json\/wp\/v2\/pages"}],"about":[{"href":"https:\/\/fundaciongottau.org.ar\/comunicacion\/wp-json\/wp\/v2\/types\/page"}],"author":[{"embeddable":true,"href":"https:\/\/fundaciongottau.org.ar\/comunicacion\/wp-json\/wp\/v2\/users\/1"}],"replies":[{"embeddable":true,"href":"https:\/\/fundaciongottau.org.ar\/comunicacion\/wp-json\/wp\/v2\/comments?post=66"}],"version-history":[{"count":10,"href":"https:\/\/fundaciongottau.org.ar\/comunicacion\/wp-json\/wp\/v2\/pages\/66\/revisions"}],"predecessor-version":[{"id":892,"href":"https:\/\/fundaciongottau.org.ar\/comunicacion\/wp-json\/wp\/v2\/pages\/66\/revisions\/892"}],"wp:attachment":[{"href":"https:\/\/fundaciongottau.org.ar\/comunicacion\/wp-json\/wp\/v2\/media?parent=66"}],"curies":[{"name":"wp","href":"https:\/\/api.w.org\/{rel}","templated":true}]}}