{"id":69,"date":"2014-08-29T14:56:54","date_gmt":"2014-08-29T17:56:54","guid":{"rendered":"http:\/\/fundaciongottau.org.ar\/comunicacion\/?page_id=69"},"modified":"2025-04-24T14:47:49","modified_gmt":"2025-04-24T17:47:49","slug":"contacto","status":"publish","type":"page","link":"https:\/\/fundaciongottau.org.ar\/comunicacion\/","title":{"rendered":"Home"},"content":{"rendered":"\n<div class=\"wp-block-buttons alignwide has-custom-font-size has-x-large-font-size is-content-justification-center is-layout-flex wp-container-1\">\n<div class=\"wp-block-button has-custom-width wp-block-button__width-25 has-custom-font-size font-style:normal; font-weight:600 display flex; justify-content center;\" id=\"boton-dona\" style=\"font-size:19px;font-style:normal;font-weight:600\"><a class=\"wp-block-button__link has-black-color has-text-color has-background has-text-align-center wp-element-button\" href=\"https:\/\/donamos.org\/fundaciongottau\/gottau\/\" style=\"border-radius:100px;background-color:#eeca96\" target=\"_blank\" rel=\"noreferrer noopener\"> \u00a1DON\u00c1 YA!<\/a><\/div>\n<\/div>\n\n\n\n<p class=\"has-text-align-center\">S\u00e9 parte de la construcci\u00f3n de un futuro mejor para nuestros hermanos de la di\u00f3cesis de A\u00f1atuya.<\/p>\n\n\n\n<div class=\"wp-block-group is-layout-constrained\"><div class=\"wp-block-group__inner-container\">\n<hr class=\"wp-block-separator has-text-color has-alpha-channel-opacity has-background is-style-default\" style=\"background-color:#eeca96;color:#eeca96\"\/>\n\n\n\n<h3 class=\"wp-block-heading has-text-align-center has-text-color has-large-font-size\" style=\"color:#25528b;font-style:normal;font-weight:900;text-transform:uppercase\">Novedades<\/h3>\n\n\n\n<p><\/p>\n\n\n\n<div style=\"text-align: center; max-width: 600px; margin: auto;\">\n  \n<h4><a href=\"https:\/\/fundaciongottau.org.ar\/comunicacion\/clausura-del-proceso-diocesano\/\" style=\"text-decoration: none; color: #25528b;\"> <b>Cierre de la causa: Proceso de Beatificaci\u00f3n y Canonizaci\u00f3n de Mons Gottau<\/b><\/a><\/h4>\n\n  <p style=\"text-align: left\">Este <b>19 de mayo a las 9:30 hs<\/b>, te invitamos a participar de un encuentro profundamente significativo en la Catedral Metropolitana de Buenos Aires: la ceremonia de <b>Cierre de la fase diocesana del Proceso de Beatificaci\u00f3n y Canonizaci\u00f3n de Monse\u00f1or Jorge Gottau<\/b><\/p>\n\n<!-- Vista previa de la imagen destacada -->\n  <div style=\"text-align: center; margin-bottom: 20px;\">\n    <img decoding=\"async\" src=\"https:\/\/fundaciongottau.org.ar\/comunicacion\/wp-content\/uploads\/2025\/04\/Flyer-Cierre-de-causa2025-2.png\" \n         alt=\"flyer cierre causa\" \n         style=\"max-width: 100%; height:30%; border-radius: 5px;\">\n  <\/div>\n\n\n  <a href=\"https:\/\/fundaciongottau.org.ar\/comunicacion\/clausura-del-proceso-diocesano\" style=\"display: inline-block; padding: 10px 20px; background-color: #eeca96; color: black; border-radius: 30px; text-decoration: none;\">Leer m\u00e1s<\/a>\n<\/div>\n\n\n\n<hr class=\"wp-block-separator has-text-color has-alpha-channel-opacity has-background is-style-default\" style=\"background-color:#eeca96;color:#eeca96\"\/>\n\n\n\n<div style=\"text-align: center; max-width: 600px; margin: auto;\">\n  \n<h4><a href=\"https:\/\/fundaciongottau.org.ar\/comunicacion\/homenaje\/\" style=\"text-decoration: none; color: #25528b;\"> <b>Homenaje a Mons. Jorge Gottau<\/b><\/a><\/h4>\n\n  <p style=\"text-align: left\">En reconocimiento a su vida de entrega, humildad y compromiso con los m\u00e1s necesitados, Mons. Jorge Gottau ha sido homenajeado con una butaca que lleva su nombre en el hist\u00f3rico Teatro Coliseo de la Ciudad de Buenos Aires.<\/p>\n\n<!-- Vista previa de la imagen destacada -->\n  <div style=\"text-align: center; margin-bottom: 20px;\">\n    <img decoding=\"async\" src=\"https:\/\/fundaciongottau.org.ar\/comunicacion\/wp-content\/uploads\/2025\/04\/gottau-papa-edited.jpg\" \n         alt=\"Homenaje a Mons. Gottau\" \n         style=\"max-width: 100%; height:30%; border-radius: 5px;\">\n  <\/div>\n\n\n  <a href=\"https:\/\/fundaciongottau.org.ar\/comunicacion\/homenaje\/\" style=\"display: inline-block; padding: 10px 20px; background-color: #eeca96; color: black; border-radius: 30px; text-decoration: none;\">Leer m\u00e1s<\/a>\n<\/div>\n<\/div><\/div>\n\n\n\n<hr class=\"wp-block-separator has-text-color has-alpha-channel-opacity has-background is-style-default\" style=\"background-color:#eeca96;color:#eeca96\"\/>\n\n\n\n<div class=\"wp-block-group is-layout-constrained\"><div class=\"wp-block-group__inner-container\">\n<h2 class=\"wp-block-heading has-medium-font-size\"><strong>Ayudar a la Fundaci\u00f3n Gottau es:<\/strong><\/h2>\n\n\n\n<p><\/p>\n<\/div><\/div>\n\n\n\n<ul>\n<li style=\"font-size:18px\"><strong>Brindar ayuda<\/strong> a proyectos de apoyo escolar, talleres de m\u00fasica, alfabetizaci\u00f3n de adultos, escuela para padres, prevenci\u00f3n y ayuda en salud.<\/li>\n\n\n\n<li style=\"font-size:18px\"><strong>Sostener centros educativos<\/strong> de nivel: inicial, primario, secundario, t\u00e9cnico agrario, formaci\u00f3n profesional, y formaci\u00f3n docente.<\/li>\n\n\n\n<li style=\"font-size:18px\"><strong>Mantener residencias estudiantiles<\/strong> donde se brinda: alojamiento, alimentaci\u00f3n, apoyo escolar y formaci\u00f3n religiosa.<\/li>\n\n\n\n<li style=\"font-size:18px\"><strong>Apoyar centros de formaci\u00f3n profesional <\/strong>donde se ense\u00f1a: gastronom\u00eda, enfermer\u00eda, panader\u00eda, tejido, artes pl\u00e1sticas, secretariado comercial, carpinter\u00eda, inform\u00e1tica y peluquer\u00eda.<\/li>\n<\/ul>\n\n\n\n<div class=\"wp-block-group alignwide is-layout-constrained\"><div class=\"wp-block-group__inner-container\">\n<p class=\"has-text-align-center\"><strong>Tu contribuci\u00f3n es esencial para mejorar la vida de nuestros hermanos en la di\u00f3cesis de A\u00f1atuya<\/strong>.<\/p>\n\n\n\n<div class=\"wp-block-buttons alignwide has-custom-font-size has-x-large-font-size is-content-justification-center is-layout-flex wp-container-4\">\n<div class=\"wp-block-button has-custom-width wp-block-button__width-25 has-custom-font-size font-style:normal; font-weight:600 display flex; justify-content center;\" id=\"boton-dona\" style=\"font-size:19px;font-style:normal;font-weight:600\"><a class=\"wp-block-button__link has-black-color has-text-color has-background has-text-align-center wp-element-button\" href=\"https:\/\/donamos.org\/fundaciongottau\/gottau\/\" style=\"border-radius:100px;background-color:#eeca96\" target=\"_blank\" rel=\"noreferrer noopener\"> \u00a1DON\u00c1 YA!<\/a><\/div>\n<\/div>\n<\/div><\/div>\n\n\n\n<hr class=\"wp-block-separator has-text-color has-alpha-channel-opacity has-background is-style-default\" style=\"background-color:#eeca96;color:#eeca96\"\/>\n\n\n\n<p><\/p>\n\n\n\n<div class=\"wp-block-group is-layout-constrained\" style=\"font-size:18px\"><div class=\"wp-block-group__inner-container\">\n<h2 class=\"wp-block-heading has-medium-font-size\"><strong>Contacto:<\/strong><\/h2>\n\n\n\n<p>De lunes a viernes de 9 a 17 hs.<\/p>\n\n\n\n<p>Llamadas:<strong> <\/strong><img decoding=\"async\" loading=\"lazy\" width=\"324\" height=\"324\" class=\"wp-image-1216\" style=\"width: 33px;\" src=\"https:\/\/fundaciongottau.org.ar\/comunicacion\/wp-content\/uploads\/2025\/04\/icon-phone.png\" alt=\"\" srcset=\"https:\/\/fundaciongottau.org.ar\/comunicacion\/wp-content\/uploads\/2025\/04\/icon-phone.png 324w, https:\/\/fundaciongottau.org.ar\/comunicacion\/wp-content\/uploads\/2025\/04\/icon-phone-300x300.png 300w, https:\/\/fundaciongottau.org.ar\/comunicacion\/wp-content\/uploads\/2025\/04\/icon-phone-150x150.png 150w\" sizes=\"(max-width: 324px) 100vw, 324px\" \/><strong>  011-5263-2505<\/strong>   <\/p>\n\n\n\n<p>WhatsApp: <img decoding=\"async\" loading=\"lazy\" width=\"36\" height=\"37\" class=\"wp-image-1170\" style=\"width: 27px;\" src=\"https:\/\/fundaciongottau.org.ar\/comunicacion\/wp-content\/uploads\/2025\/03\/whatsapp-icon.png\" alt=\"\"> <a rel=\"noreferrer noopener\" href=\"https:\/\/wa.me\/+5491139571289\" target=\"_blank\"><strong>11-3957-1289<\/strong><\/a><\/p>\n\n\n\n<p>Mail: <img decoding=\"async\" loading=\"lazy\" width=\"323\" height=\"324\" class=\"wp-image-1222\" style=\"width: 30px;\" src=\"https:\/\/fundaciongottau.org.ar\/comunicacion\/wp-content\/uploads\/2025\/04\/icon-mail.png\" alt=\"\" srcset=\"https:\/\/fundaciongottau.org.ar\/comunicacion\/wp-content\/uploads\/2025\/04\/icon-mail.png 323w, https:\/\/fundaciongottau.org.ar\/comunicacion\/wp-content\/uploads\/2025\/04\/icon-mail-300x300.png 300w, https:\/\/fundaciongottau.org.ar\/comunicacion\/wp-content\/uploads\/2025\/04\/icon-mail-150x150.png 150w\" sizes=\"(max-width: 323px) 100vw, 323px\" \/>  info@fundaciongottau.org.ar <\/p>\n\n\n\n<p>o escribinos a trav\u00e9s del siguiente<strong> formulario<\/strong>:<\/p>\n\n\n\n<p><\/p>\n\n\n\n<div class=\"wp-block-contact-form-7-contact-form-selector\"><div role=\"form\" class=\"wpcf7\" id=\"wpcf7-f46-o1\" lang=\"es-ES\" dir=\"ltr\">\n<div class=\"screen-reader-response\"><p role=\"status\" aria-live=\"polite\" aria-atomic=\"true\"><\/p> <ul><\/ul><\/div>\n<form action=\"\/comunicacion\/wp-json\/wp\/v2\/pages\/69#wpcf7-f46-o1\" method=\"post\" class=\"wpcf7-form init\" novalidate=\"novalidate\" data-status=\"init\">\n<div style=\"display: none;\">\n<input type=\"hidden\" name=\"_wpcf7\" value=\"46\" \/>\n<input type=\"hidden\" name=\"_wpcf7_version\" value=\"5.6.4\" \/>\n<input type=\"hidden\" name=\"_wpcf7_locale\" value=\"es_ES\" \/>\n<input type=\"hidden\" name=\"_wpcf7_unit_tag\" value=\"wpcf7-f46-o1\" \/>\n<input type=\"hidden\" name=\"_wpcf7_container_post\" value=\"0\" \/>\n<input type=\"hidden\" name=\"_wpcf7_posted_data_hash\" value=\"\" \/>\n<\/div>\n<table style=\"width: 100%; border-spacing 1px; font-family: 'Source Sans Pro', sans-serif;\">\n<tr>\n<td style=\"vertical-align: top;\"> <label for=\"name\">Su nombre (requerido)<\/label><\/td>\n<td><input type=\"text\" id=\"name\" name=\"your-name\" required style=\"border: 1px solid #abb8c3; padding: 8px; width: 100%;\" \/><\/td>\n<\/tr>\n<tr>\n<td style=\"vertical-align: top;\"><label for=\"email\">Su e-mail (requerido)<\/label><\/td>\n<td><input type=\"email\" id=\"email\" name=\"your-email\" required style=\"border: 1px solid #abb8c3; padding: 8px; width: 100%;\" \/><\/td>\n<\/tr>\n<tr>\n<td style=\"vertical-align: top;\"><label for=\"subject\">Asunto<\/label><\/td>\n<td><input type=\"text\" id=\"subject\" name=\"your-subject\" style=\"border: 1px solid #abb8c3; padding: 8px; width: 100%;\" \/><\/td>\n<\/tr>\n<tr>\n<td style=\"vertical-align: top;\"><label for=\"message\">Su mensaje<\/label><\/td>\n<td><textarea id=\"message\" name=\"your-message\" style=\"border: 1px solid #abb8c3; padding: 8px; width: 100%; height: 100px;\"><\/textarea><\/td>\n<\/tr>\n<tr>\n<td><\/td>\n<td>\n      <input type=\"submit\" value=\"Enviar\" style=\"border: none; padding: 8px 16px; background-color: #eeca96; cursor: pointer; font-family: 'Source Sans Pro', sans-serif; border-radius: 25px; color: #000;\" \/>\n    <\/td>\n<\/tr>\n<\/table>\n<p style=\"display: none !important;\" class=\"akismet-fields-container\" data-prefix=\"_wpcf7_ak_\"><label>&#916;<textarea name=\"_wpcf7_ak_hp_textarea\" cols=\"45\" rows=\"8\" maxlength=\"100\"><\/textarea><\/label><input type=\"hidden\" id=\"ak_js_1\" name=\"_wpcf7_ak_js\" value=\"115\"\/><script>document.getElementById( \"ak_js_1\" ).setAttribute( \"value\", ( new Date() ).getTime() );<\/script><\/p><div class=\"wpcf7-response-output\" aria-hidden=\"true\"><\/div><\/form><\/div><\/div>\n<\/div><\/div>\n\n\n\n<div style=\"height:39px\" aria-hidden=\"true\" class=\"wp-block-spacer\"><\/div>\n","protected":false},"excerpt":{"rendered":"<p>S\u00e9 parte de la construcci\u00f3n de un futuro mejor para nuestros hermanos de la di\u00f3cesis de A\u00f1atuya. Novedades Cierre de la causa: Proceso de Beatificaci\u00f3n y Canonizaci\u00f3n de Mons Gottau Este 19 de mayo a las 9:30 hs, te invitamos a participar de un encuentro profundamente significativo en la Catedral Metropolitana de Buenos Aires: la [&hellip;]<\/p>\n","protected":false},"author":1,"featured_media":1294,"parent":0,"menu_order":0,"comment_status":"closed","ping_status":"closed","template":"custom-page.php","meta":[],"_links":{"self":[{"href":"https:\/\/fundaciongottau.org.ar\/comunicacion\/wp-json\/wp\/v2\/pages\/69"}],"collection":[{"href":"https:\/\/fundaciongottau.org.ar\/comunicacion\/wp-json\/wp\/v2\/pages"}],"about":[{"href":"https:\/\/fundaciongottau.org.ar\/comunicacion\/wp-json\/wp\/v2\/types\/page"}],"author":[{"embeddable":true,"href":"https:\/\/fundaciongottau.org.ar\/comunicacion\/wp-json\/wp\/v2\/users\/1"}],"replies":[{"embeddable":true,"href":"https:\/\/fundaciongottau.org.ar\/comunicacion\/wp-json\/wp\/v2\/comments?post=69"}],"version-history":[{"count":199,"href":"https:\/\/fundaciongottau.org.ar\/comunicacion\/wp-json\/wp\/v2\/pages\/69\/revisions"}],"predecessor-version":[{"id":1898,"href":"https:\/\/fundaciongottau.org.ar\/comunicacion\/wp-json\/wp\/v2\/pages\/69\/revisions\/1898"}],"wp:featuredmedia":[{"embeddable":true,"href":"https:\/\/fundaciongottau.org.ar\/comunicacion\/wp-json\/wp\/v2\/media\/1294"}],"wp:attachment":[{"href":"https:\/\/fundaciongottau.org.ar\/comunicacion\/wp-json\/wp\/v2\/media?parent=69"}],"curies":[{"name":"wp","href":"https:\/\/api.w.org\/{rel}","templated":true}]}}